{"id":6064,"date":"2023-02-28T12:17:01","date_gmt":"2023-02-28T11:17:01","guid":{"rendered":"https:\/\/ogrodzeniapaczkowo.pl\/?page_id=6064"},"modified":"2023-02-28T12:53:01","modified_gmt":"2023-02-28T11:53:01","slug":"akcesoria-do-montazu-paneli-ogrodzeniowych-2","status":"publish","type":"page","link":"https:\/\/ogrodzeniapaczkowo.pl\/?page_id=6064","title":{"rendered":"AKCESORIA DO MONTA\u017bU BRAM PRZESUWNYCH I SKRZYD\u0141OWYCH"},"content":{"rendered":"\t\t<div data-elementor-type=\"wp-page\" data-elementor-id=\"6064\" class=\"elementor elementor-6064\">\n\t\t\t\t\t\t\t\t\t<section class=\"elementor-section elementor-top-section elementor-element elementor-element-5b04e3d1 ot-traditional elementor-section-boxed elementor-section-height-default elementor-section-height-default\" data-id=\"5b04e3d1\" data-element_type=\"section\">\n\t\t\t\t\t\t<div class=\"elementor-container elementor-column-gap-default\">\n\t\t\t\t\t<div class=\"elementor-column elementor-col-100 elementor-top-column elementor-element elementor-element-64da3149 ot-flex-column-vertical\" data-id=\"64da3149\" data-element_type=\"column\">\n\t\t\t<div class=\"elementor-widget-wrap elementor-element-populated\">\n\t\t\t\t\t\t\t\t<div class=\"elementor-element elementor-element-4924ec69 elementor-widget elementor-widget-slider_revolution\" data-id=\"4924ec69\" data-element_type=\"widget\" data-widget_type=\"slider_revolution.default\">\n\t\t\t\t<div class=\"elementor-widget-container\">\n\t\t\t\n\t\t<div class=\"wp-block-themepunch-revslider\">\n\t\t\t<!-- START Akcesoria do paneli 1 REVOLUTION SLIDER 6.5.24 --><p class=\"rs-p-wp-fix\"><\/p>\n\t\t\t<rs-module-wrap id=\"rev_slider_9_1_wrapper\" data-source=\"gallery\" style=\"visibility:hidden;background:transparent;padding:0;margin:0px auto;margin-top:0;margin-bottom:0;\">\n\t\t\t\t<rs-module id=\"rev_slider_9_1\" style=\"\" data-version=\"6.5.24\">\n\t\t\t\t\t<rs-slides>\n\t\t\t\t\t\t<rs-slide style=\"position: absolute;\" data-key=\"rs-16\" data-title=\"Slide\" data-in=\"o:0;\" data-out=\"a:false;\">\n\t\t\t\t\t\t\t<img decoding=\"async\" src=\"\/\/ogrodzeniapaczkowo.pl\/wp-content\/plugins\/revslider\/public\/assets\/assets\/dummy.png\" alt=\"\" title=\"slidery-kategorii-akcesoria-do-bram\" width=\"1915\" height=\"832\" class=\"rev-slidebg tp-rs-img rs-lazyload\" data-lazyload=\"\/\/ogrodzeniapaczkowo.pl\/wp-content\/uploads\/2023\/02\/slidery-kategorii-akcesoria-do-bram.jpg\" data-no-retina>\n<!--\n\t\t\t\t\t\t\t--><rs-layer\n\t\t\t\t\t\t\t\tid=\"slider-9-slide-16-layer-0\" \n\t\t\t\t\t\t\t\tdata-type=\"text\"\n\t\t\t\t\t\t\t\tdata-rsp_ch=\"on\"\n\t\t\t\t\t\t\t\tdata-xy=\"xo:15px;yo:240px,140px,155px,145px;\"\n\t\t\t\t\t\t\t\tdata-text=\"w:normal;s:72,60,40,30;l:80,62,52,42;\"\n\t\t\t\t\t\t\t\tdata-frame_0=\"o:1;\"\n\t\t\t\t\t\t\t\tdata-frame_0_chars=\"d:5;x:105%;o:1;rY:45deg;rZ:90deg;\"\n\t\t\t\t\t\t\t\tdata-frame_0_mask=\"u:t;\"\n\t\t\t\t\t\t\t\tdata-frame_1=\"st:500;sp:1000;\"\n\t\t\t\t\t\t\t\tdata-frame_1_chars=\"e:power4.inOut;d:10;rZ:0deg;\"\n\t\t\t\t\t\t\t\tdata-frame_1_mask=\"u:t;\"\n\t\t\t\t\t\t\t\tdata-frame_999=\"o:0;e:power4.inOut;st:w;sp:1000;sR:7500;\"\n\t\t\t\t\t\t\t\tstyle=\"z-index:9;font-family:'Montserrat';\"\n\t\t\t\t\t\t\t>AKCESORIA DO MONTA\u017bU <br \/>\nBRAM PRZESUWNYCH I SKRZYD\u0141OWYCH \n\t\t\t\t\t\t\t<\/rs-layer><!--\n\n\t\t\t\t\t\t\t--><rs-layer\n\t\t\t\t\t\t\t\tid=\"slider-9-slide-16-layer-1\" \n\t\t\t\t\t\t\t\tdata-type=\"text\"\n\t\t\t\t\t\t\t\tdata-rsp_ch=\"on\"\n\t\t\t\t\t\t\t\tdata-xy=\"xo:18px,15px,15px,15px;yo:498px,279px,271px,235px;\"\n\t\t\t\t\t\t\t\tdata-text=\"w:normal;s:18,18,16,14;l:30,34,30,28;\"\n\t\t\t\t\t\t\t\tdata-dim=\"w:720px;\"\n\t\t\t\t\t\t\t\tdata-frame_0=\"x:50;\"\n\t\t\t\t\t\t\t\tdata-frame_1=\"st:2900;sp:1000;sR:1000;\"\n\t\t\t\t\t\t\t\tdata-frame_999=\"o:0;e:power4.inOut;st:w;sp:1000;sR:7000;\"\n\t\t\t\t\t\t\t\tstyle=\"z-index:10;font-family:'Nunito Sans';\"\n\t\t\t\t\t\t\t>Akcesoria bramowe maj\u0105 du\u017cy wp\u0142yw na niezawodne i komfortowe funkcjonowanie bramy wjazdowej, kt\u00f3ra jest wizyt\u00f3wk\u0105 posesji. \n\t\t\t\t\t\t\t<\/rs-layer><!--\n\n\t\t\t\t\t\t\t--><rs-layer\n\t\t\t\t\t\t\t\tid=\"slider-9-slide-16-layer-4\" \n\t\t\t\t\t\t\t\tdata-type=\"button\"\n\t\t\t\t\t\t\t\tdata-rsp_ch=\"on\"\n\t\t\t\t\t\t\t\tdata-xy=\"xo:50px,42px,31px,19px;yo:50px,42px,31px,19px;\"\n\t\t\t\t\t\t\t\tdata-text=\"w:normal;s:20,17,12,7;l:25,21,15,9;\"\n\t\t\t\t\t\t\t\tdata-frame_999=\"o:0;st:w;\"\n\t\t\t\t\t\t\t\tstyle=\"z-index:12;font-family:'Roboto';\"\n\t\t\t\t\t\t\t>New Layer \n\t\t\t\t\t\t\t<\/rs-layer><!--\n\n\t\t\t\t\t\t\t--><rs-layer\n\t\t\t\t\t\t\t\tid=\"slider-9-slide-16-layer-9\" \n\t\t\t\t\t\t\t\tdata-type=\"text\"\n\t\t\t\t\t\t\t\tdata-rsp_ch=\"on\"\n\t\t\t\t\t\t\t\tdata-xy=\"xo:15px;yo:195px,105px,127px,133px;\"\n\t\t\t\t\t\t\t\tdata-text=\"w:normal;s:24,20,15,15;l:36,30,22,13;\"\n\t\t\t\t\t\t\t\tdata-vbility=\"t,t,t,f\"\n\t\t\t\t\t\t\t\tdata-frame_0=\"x:50,42,31,19;\"\n\t\t\t\t\t\t\t\tdata-frame_1=\"sp:1000;\"\n\t\t\t\t\t\t\t\tdata-frame_999=\"o:0;st:w;sR:8000;\"\n\t\t\t\t\t\t\t\tstyle=\"z-index:8;font-family:'Nunito Sans';\"\n\t\t\t\t\t\t\t>\/\/ Postaw na jako\u015b\u0107 i zagwarantuj sobie bezawaryjno\u015b\u0107 na d\u0142ugie lata. \n\t\t\t\t\t\t\t<\/rs-layer><!--\n\n\t\t\t\t\t\t\t--><a\n\t\t\t\t\t\t\t\tid=\"slider-9-slide-16-layer-10\" \n\t\t\t\t\t\t\t\tclass=\"rs-layer rev-btn\"\n\t\t\t\t\t\t\t\thref=\"https:\/\/www.tulplast.pl\/kategoria\/118\/akcesoria-bramowe\" target=\"_blank\" rel=\"nofollow noopener\"\n\t\t\t\t\t\t\t\tdata-type=\"button\"\n\t\t\t\t\t\t\t\tdata-rsp_ch=\"on\"\n\t\t\t\t\t\t\t\tdata-xy=\"xo:11px,15px,15px,15px;yo:580px,385px,367px,320px;\"\n\t\t\t\t\t\t\t\tdata-text=\"w:normal;s:14,14,14,12;l:18,18,18,16;fw:700;\"\n\t\t\t\t\t\t\t\tdata-dim=\"minh:0px,none,none,none;\"\n\t\t\t\t\t\t\t\tdata-padding=\"t:20,17,13,13;r:35,30,25,22;b:20,17,13,13;l:35,30,25,22;\"\n\t\t\t\t\t\t\t\tdata-frame_0=\"x:50,42,31,19;\"\n\t\t\t\t\t\t\t\tdata-frame_1=\"st:3400;sR:1500;\"\n\t\t\t\t\t\t\t\tdata-frame_999=\"o:0;st:w;sR:6500;\"\n\t\t\t\t\t\t\t\tdata-frame_hover=\"bgc:#43baff;bor:0px,0px,0px,0px;sp:200;e:power1.inOut;\"\n\t\t\t\t\t\t\t\tstyle=\"z-index:11;background-color:#4dcf68;font-family:'Nunito Sans';\"\n\t\t\t\t\t\t\t>SPRAWD\u0179 OFERT\u0118 \n\t\t\t\t\t\t\t<\/a><!--\n-->\t\t\t\t\t\t<\/rs-slide>\n\t\t\t\t\t<\/rs-slides>\n\t\t\t\t\t<rs-static-layers><!--\n\t\t\t\t\t--><\/rs-static-layers>\n\t\t\t\t<\/rs-module>\n\t\t\t\t<script>\n\t\t\t\t\tsetREVStartSize({c: 'rev_slider_9_1',rl:[1240,1024,778,480],el:[811,600,630,600],gw:[1200,1024,768,480],gh:[811,600,630,600],type:'standard',justify:'',layout:'fullwidth',mh:\"0\"});if (window.RS_MODULES!==undefined && window.RS_MODULES.modules!==undefined && window.RS_MODULES.modules[\"revslider91\"]!==undefined) {window.RS_MODULES.modules[\"revslider91\"].once = false;window.revapi9 = undefined;if (window.RS_MODULES.checkMinimal!==undefined) window.RS_MODULES.checkMinimal()}\n\t\t\t\t<\/script>\n\t\t\t<\/rs-module-wrap>\n\t\t\t<!-- END REVOLUTION SLIDER -->\n<\/div>\n\n\t\t\t\t<\/div>\n\t\t\t\t<\/div>\n\t\t\t\t\t<\/div>\n\t\t<\/div>\n\t\t\t\t\t\t\t<\/div>\n\t\t<\/section>\n\t\t\t\t<section class=\"elementor-section elementor-top-section elementor-element elementor-element-2adbfb80 ot-traditional elementor-section-boxed elementor-section-height-default elementor-section-height-default\" data-id=\"2adbfb80\" data-element_type=\"section\">\n\t\t\t\t\t\t<div class=\"elementor-container elementor-column-gap-default\">\n\t\t\t\t\t<div class=\"elementor-column elementor-col-100 elementor-top-column elementor-element elementor-element-9abc29d ot-flex-column-vertical\" data-id=\"9abc29d\" data-element_type=\"column\">\n\t\t\t<div class=\"elementor-widget-wrap\">\n\t\t\t\t\t\t\t\t\t<\/div>\n\t\t<\/div>\n\t\t\t\t\t\t\t<\/div>\n\t\t<\/section>\n\t\t\t\t<section class=\"elementor-section elementor-top-section elementor-element elementor-element-bc14459 elementor-section-full_width ot-traditional elementor-section-height-default elementor-section-height-default\" data-id=\"bc14459\" data-element_type=\"section\">\n\t\t\t\t\t\t<div class=\"elementor-container elementor-column-gap-default\">\n\t\t\t\t\t<div class=\"elementor-column elementor-col-100 elementor-top-column elementor-element elementor-element-6012545 ot-flex-column-vertical\" data-id=\"6012545\" data-element_type=\"column\">\n\t\t\t<div class=\"elementor-widget-wrap elementor-element-populated\">\n\t\t\t\t\t\t\t\t<div class=\"elementor-element elementor-element-154cb9c elementor-widget elementor-widget-iimagecarousel\" data-id=\"154cb9c\" data-element_type=\"widget\" data-widget_type=\"iimagecarousel.default\">\n\t\t\t\t<div class=\"elementor-widget-container\">\n\t\t\t\t\t\r\n\t\t<div class=\"client-logos\" data-show=\"5\" data-show-tablet=\"\" data-show-mobile=\"\" data-scroll=\"2\" data-scroll-tablet=\"\" data-scroll-mobile=\"\" data-gaps=\"\" data-gaps-tablet=\"\" data-gaps-mobile=\"\" data-dots=\"true\">\r\n\t\t    <div><div class=\"img-item\"><a href=\"https:\/\/www.tulplast.pl\/katalog-online\/108\"><figure><img decoding=\"async\" src=\"https:\/\/ogrodzeniapaczkowo.pl\/wp-content\/uploads\/2022\/07\/ojVtaenTOr0syJP0.jpeg\" alt=\"\"><\/figure><\/a><\/div><\/div><div><div class=\"img-item\"><a href=\"https:\/\/www.tulplast.pl\/katalog-online\/3\"><figure><img decoding=\"async\" src=\"https:\/\/ogrodzeniapaczkowo.pl\/wp-content\/uploads\/2022\/07\/O9nvPY5VvmtzEbkb.jpeg\" alt=\"\"><\/figure><\/a><\/div><\/div><div><div class=\"img-item\"><a href=\"https:\/\/www.tulplast.pl\/katalog-online\/10\"><figure><img decoding=\"async\" src=\"https:\/\/ogrodzeniapaczkowo.pl\/wp-content\/uploads\/2022\/07\/W8n4wDey1P8qolGH.jpeg\" alt=\"\"><\/figure><\/a><\/div><\/div>\t    <\/div>\r\n\t\t\t\t<\/div>\n\t\t\t\t<\/div>\n\t\t\t\t\t<\/div>\n\t\t<\/div>\n\t\t\t\t\t\t\t<\/div>\n\t\t<\/section>\n\t\t\t\t<section class=\"elementor-section elementor-top-section elementor-element elementor-element-5e4d97d elementor-section-full_width ot-traditional elementor-section-height-default elementor-section-height-default\" data-id=\"5e4d97d\" data-element_type=\"section\">\n\t\t\t\t\t\t<div class=\"elementor-container elementor-column-gap-default\">\n\t\t\t\t\t<div class=\"elementor-column elementor-col-50 elementor-top-column elementor-element elementor-element-cd53fb2 ot-flex-column-vertical\" data-id=\"cd53fb2\" data-element_type=\"column\">\n\t\t\t<div class=\"elementor-widget-wrap elementor-element-populated\">\n\t\t\t\t\t\t\t\t<div class=\"elementor-element elementor-element-4fa3a8b elementor-widget elementor-widget-image\" data-id=\"4fa3a8b\" data-element_type=\"widget\" data-widget_type=\"image.default\">\n\t\t\t\t<div class=\"elementor-widget-container\">\n\t\t\t<style>\/*! elementor - v3.6.5 - 27-04-2022 *\/\n.elementor-widget-image{text-align:center}.elementor-widget-image a{display:inline-block}.elementor-widget-image a img[src$=\".svg\"]{width:48px}.elementor-widget-image img{vertical-align:middle;display:inline-block}<\/style>\t\t\t\t\t\t\t\t\t\t\t\t<img loading=\"lazy\" decoding=\"async\" width=\"1024\" height=\"392\" src=\"https:\/\/ogrodzeniapaczkowo.pl\/wp-content\/uploads\/2022\/07\/slidery_kontakt-1024x392.jpg\" class=\"attachment-large size-large\" alt=\"\" srcset=\"https:\/\/ogrodzeniapaczkowo.pl\/wp-content\/uploads\/2022\/07\/slidery_kontakt-1024x392.jpg 1024w, https:\/\/ogrodzeniapaczkowo.pl\/wp-content\/uploads\/2022\/07\/slidery_kontakt-300x115.jpg 300w, https:\/\/ogrodzeniapaczkowo.pl\/wp-content\/uploads\/2022\/07\/slidery_kontakt-768x294.jpg 768w, https:\/\/ogrodzeniapaczkowo.pl\/wp-content\/uploads\/2022\/07\/slidery_kontakt-1536x588.jpg 1536w, https:\/\/ogrodzeniapaczkowo.pl\/wp-content\/uploads\/2022\/07\/slidery_kontakt-720x276.jpg 720w, https:\/\/ogrodzeniapaczkowo.pl\/wp-content\/uploads\/2022\/07\/slidery_kontakt.jpg 1920w\" sizes=\"auto, (max-width: 1024px) 100vw, 1024px\" \/>\t\t\t\t\t\t\t\t\t\t\t\t\t\t\t<\/div>\n\t\t\t\t<\/div>\n\t\t\t\t\t<\/div>\n\t\t<\/div>\n\t\t\t\t<div class=\"elementor-column elementor-col-25 elementor-top-column elementor-element elementor-element-2ed73bb ot-flex-column-vertical\" data-id=\"2ed73bb\" data-element_type=\"column\">\n\t\t\t<div class=\"elementor-widget-wrap elementor-element-populated\">\n\t\t\t\t\t\t\t\t<div class=\"elementor-element elementor-element-a8e765d elementor-widget elementor-widget-text-editor\" data-id=\"a8e765d\" data-element_type=\"widget\" data-widget_type=\"text-editor.default\">\n\t\t\t\t<div class=\"elementor-widget-container\">\n\t\t\t<style>\/*! elementor - v3.6.5 - 27-04-2022 *\/\n.elementor-widget-text-editor.elementor-drop-cap-view-stacked .elementor-drop-cap{background-color:#818a91;color:#fff}.elementor-widget-text-editor.elementor-drop-cap-view-framed .elementor-drop-cap{color:#818a91;border:3px solid;background-color:transparent}.elementor-widget-text-editor:not(.elementor-drop-cap-view-default) .elementor-drop-cap{margin-top:8px}.elementor-widget-text-editor:not(.elementor-drop-cap-view-default) .elementor-drop-cap-letter{width:1em;height:1em}.elementor-widget-text-editor .elementor-drop-cap{float:left;text-align:center;line-height:1;font-size:50px}.elementor-widget-text-editor .elementor-drop-cap-letter{display:inline-block}<\/style>\t\t\t\t<p>Od 30 lat dostarczamy tysi\u0105com klient\u00f3w akcesoria do monta\u017cu ogrodze\u0144 panelowych i\u00a0siatkowych. Jeste\u015bmy przekonani o ich wysokiej jako\u015bci. Posiadamy szeroki wyb\u00f3r element\u00f3w do monta\u017cu ogrodzenia.\u00a0<\/p><p>Przygotujemy kompleksow\u0105 ofert\u0119, a z\u0142o\u017cone zam\u00f3wienie zostanie wys\u0142ane z naszego magazynu w\u00a0ci\u0105gu 24h.<\/p>\t\t\t\t\t\t<\/div>\n\t\t\t\t<\/div>\n\t\t\t\t<div class=\"elementor-element elementor-element-8f91187 elementor-hidden-mobile elementor-align-center elementor-widget elementor-widget-button\" data-id=\"8f91187\" data-element_type=\"widget\" data-widget_type=\"button.default\">\n\t\t\t\t<div class=\"elementor-widget-container\">\n\t\t\t\t\t<div class=\"elementor-button-wrapper\">\n\t\t\t<a href=\"https:\/\/ogrodzeniapaczkowo.pl\/?page_id=1370\" class=\"elementor-button-link elementor-button elementor-size-md\" role=\"button\">\n\t\t\t\t\t\t<span class=\"elementor-button-content-wrapper\">\n\t\t\t\t\t\t<span class=\"elementor-button-text\">Darmowa wycena<\/span>\n\t\t<\/span>\n\t\t\t\t\t<\/a>\n\t\t<\/div>\n\t\t\t\t<\/div>\n\t\t\t\t<\/div>\n\t\t\t\t\t<\/div>\n\t\t<\/div>\n\t\t\t\t<div class=\"elementor-column elementor-col-25 elementor-top-column elementor-element elementor-element-dfddd27 ot-flex-column-vertical\" data-id=\"dfddd27\" data-element_type=\"column\">\n\t\t\t<div class=\"elementor-widget-wrap\">\n\t\t\t\t\t\t\t\t\t<\/div>\n\t\t<\/div>\n\t\t\t\t\t\t\t<\/div>\n\t\t<\/section>\n\t\t\t\t\t\t\t<\/div>\n\t\t","protected":false},"excerpt":{"rendered":"<p>Od 30 lat dostarczamy tysi\u0105com klient\u00f3w akcesoria do monta\u017cu ogrodze\u0144 panelowych i&nbsp;siatkowych. Jeste\u015bmy przekonani o ich wysokiej jako\u015bci. Posiadamy szeroki wyb\u00f3r element\u00f3w do monta\u017cu ogrodzenia.&nbsp; Przygotujemy kompleksow\u0105 ofert\u0119, a z\u0142o\u017cone zam\u00f3wienie zostanie wys\u0142ane z naszego magazynu w&nbsp;ci\u0105gu 24h. Darmowa wycena<\/p>\n","protected":false},"author":1,"featured_media":0,"parent":0,"menu_order":0,"comment_status":"closed","ping_status":"closed","template":"elementor_header_footer","meta":{"footnotes":""},"class_list":["post-6064","page","type-page","status-publish","hentry"],"_links":{"self":[{"href":"https:\/\/ogrodzeniapaczkowo.pl\/index.php?rest_route=\/wp\/v2\/pages\/6064","targetHints":{"allow":["GET"]}}],"collection":[{"href":"https:\/\/ogrodzeniapaczkowo.pl\/index.php?rest_route=\/wp\/v2\/pages"}],"about":[{"href":"https:\/\/ogrodzeniapaczkowo.pl\/index.php?rest_route=\/wp\/v2\/types\/page"}],"author":[{"embeddable":true,"href":"https:\/\/ogrodzeniapaczkowo.pl\/index.php?rest_route=\/wp\/v2\/users\/1"}],"replies":[{"embeddable":true,"href":"https:\/\/ogrodzeniapaczkowo.pl\/index.php?rest_route=%2Fwp%2Fv2%2Fcomments&post=6064"}],"version-history":[{"count":7,"href":"https:\/\/ogrodzeniapaczkowo.pl\/index.php?rest_route=\/wp\/v2\/pages\/6064\/revisions"}],"predecessor-version":[{"id":6073,"href":"https:\/\/ogrodzeniapaczkowo.pl\/index.php?rest_route=\/wp\/v2\/pages\/6064\/revisions\/6073"}],"wp:attachment":[{"href":"https:\/\/ogrodzeniapaczkowo.pl\/index.php?rest_route=%2Fwp%2Fv2%2Fmedia&parent=6064"}],"curies":[{"name":"wp","href":"https:\/\/api.w.org\/{rel}","templated":true}]}}